{"id":40,"date":"2013-06-26T09:37:30","date_gmt":"2013-06-26T08:37:30","guid":{"rendered":"http:\/\/www.agence-casanova.fr\/blog\/?page_id=40"},"modified":"2026-02-06T17:52:35","modified_gmt":"2026-02-06T16:52:35","slug":"40-2","status":"publish","type":"page","link":"https:\/\/www.agence-casanova.fr\/blog\/40-2\/","title":{"rendered":"\u00e0 propos de St\u00e9phane.C."},"content":{"rendered":"<p><div id=\"attachment_80\" style=\"width: 235px\" class=\"wp-caption alignright\"><a href=\"https:\/\/www.agence-casanova.fr\/blog\/wp-content\/uploads\/2013\/06\/IMG_20130505_104058-mail.jpg\" target=\"_blank\" rel=\"noopener noreferrer lightbox-0\"><img loading=\"lazy\" decoding=\"async\" aria-describedby=\"caption-attachment-80\" class=\"size-medium wp-image-80 \" src=\"https:\/\/www.agence-casanova.fr\/blog\/wp-content\/uploads\/2013\/06\/IMG_20130505_104058-mail-225x300.jpg\" alt=\"Stephane, Nouvelle-Zelande [ mai 2013 ]\" width=\"225\" height=\"300\" srcset=\"https:\/\/www.agence-casanova.fr\/blog\/wp-content\/uploads\/2013\/06\/IMG_20130505_104058-mail-225x300.jpg 225w, https:\/\/www.agence-casanova.fr\/blog\/wp-content\/uploads\/2013\/06\/IMG_20130505_104058-mail-624x832.jpg 624w, https:\/\/www.agence-casanova.fr\/blog\/wp-content\/uploads\/2013\/06\/IMG_20130505_104058-mail.jpg 675w\" sizes=\"auto, (max-width: 225px) 100vw, 225px\" \/><\/a><p id=\"caption-attachment-80\" class=\"wp-caption-text\">St\u00e9phane, Nouvelle-Z\u00e9lande [ mai 2013 ]<\/p><\/div>Ce blog est n\u00e9 d&rsquo;une envie tr\u00e8s simple, celle de communiquer .<br \/>\nMalgr\u00e9 tout les moyens de communication que nous avons mis au point, nous n&rsquo;arrivons toujours pas \u00e0 communiquer facilement entre nous, dumoins pas assez \u00e0 mon go\u00fbt.<\/p>\n<p>Je suis St\u00e9phane CASANOVA, mon travail c&rsquo;est la communication, de l&rsquo;impression aux sites internet, en passant pas la photographie et les enseignes. Je suis \u00e0 mon compte, ce qui me donne un avantage certain, celui de vous proposer des projets toujours plus originaux.<\/p>\n<p>J&rsquo;ai ouvert en 1999 le premier Cybersalon de Saint-Avold avec mon associ\u00e9. le \u00ab\u00a0C-ENT\u00a0\u00bb<\/p>\n<p>de 2005 \u00e0 2012, un commerce situ\u00e9 Boulevard de Lorraine \u00e0 Saint-Avold, nomm\u00e9 \u00ab\u00a0Bleu Ciel\u00a0\u00bb, studio de photographie pour les particuliers mais aussi agence de communication pour les professionnels.<\/p>\n<p>Depuis 2012, mon travail est essentiellement centr\u00e9 sur la communication avec l&rsquo;Agence CASANOVA.<\/p>\n<p>Je ne pr\u00e9tend rien, et j\u2019essaie de faire mon job avec passion, originalit\u00e9 et sinc\u00e9rit\u00e9&#8230; certes c&rsquo;est un peu facile comme biopic, mais si nous sommes ce que nous faisons, alors je vous invite \u00e0 regarder mes cr\u00e9ations par ici :<\/p>\n<p>le site de mon agence de communication : <a title=\"Agence CASANOVA\" href=\"http:\/\/www.agence-casanova.fr\" target=\"_blank\" rel=\"noopener noreferrer\">www.agence-casanova.fr<\/a><\/p>\n<p>mon portfolio de photographe portraitiste, (je n&rsquo;exerce plus comme photographe pour les particuliers depuis 2012)\u00a0 : <a title=\"S.Casanova - Photographe\" href=\"http:\/\/www.photographs.fr\" target=\"_blank\" rel=\"noopener noreferrer\">www.photographs.fr<\/a><\/p>\n<p>&nbsp;<\/p>\n","protected":false},"excerpt":{"rendered":"","protected":false},"author":1,"featured_media":0,"parent":0,"menu_order":0,"comment_status":"open","ping_status":"open","template":"","meta":{"footnotes":""},"class_list":["post-40","page","type-page","status-publish","hentry"],"yoast_head":"<!-- This site is optimized with the Yoast SEO plugin v27.5 - https:\/\/yoast.com\/product\/yoast-seo-wordpress\/ -->\n<title>\u00e0 propos de St\u00e9phane.C. - Le Mag de l&#039;agence<\/title>\n<meta name=\"robots\" content=\"index, follow, max-snippet:-1, max-image-preview:large, max-video-preview:-1\" \/>\n<link rel=\"canonical\" href=\"https:\/\/www.agence-casanova.fr\/blog\/40-2\/\" \/>\n<meta property=\"og:locale\" content=\"fr_FR\" \/>\n<meta property=\"og:type\" content=\"article\" \/>\n<meta property=\"og:title\" content=\"\u00e0 propos de St\u00e9phane.C. - Le Mag de l&#039;agence\" \/>\n<meta property=\"og:url\" content=\"https:\/\/www.agence-casanova.fr\/blog\/40-2\/\" \/>\n<meta property=\"og:site_name\" content=\"Le Mag de l&#039;agence\" \/>\n<meta property=\"article:modified_time\" content=\"2026-02-06T16:52:35+00:00\" \/>\n<meta property=\"og:image\" content=\"https:\/\/www.agence-casanova.fr\/blog\/wp-content\/uploads\/2013\/06\/IMG_20130505_104058-mail.jpg\" \/>\n\t<meta property=\"og:image:width\" content=\"675\" \/>\n\t<meta property=\"og:image:height\" content=\"900\" \/>\n\t<meta property=\"og:image:type\" content=\"image\/jpeg\" \/>\n<meta name=\"twitter:label1\" content=\"Dur\u00e9e de lecture estim\u00e9e\" \/>\n\t<meta name=\"twitter:data1\" content=\"2 minutes\" \/>\n<script type=\"application\/ld+json\" class=\"yoast-schema-graph\">{\"@context\":\"https:\\\/\\\/schema.org\",\"@graph\":[{\"@type\":\"WebPage\",\"@id\":\"https:\\\/\\\/www.agence-casanova.fr\\\/blog\\\/40-2\\\/\",\"url\":\"https:\\\/\\\/www.agence-casanova.fr\\\/blog\\\/40-2\\\/\",\"name\":\"\u00e0 propos de St\u00e9phane.C. - Le Mag de l&#039;agence\",\"isPartOf\":{\"@id\":\"https:\\\/\\\/www.agence-casanova.fr\\\/blog\\\/#website\"},\"primaryImageOfPage\":{\"@id\":\"https:\\\/\\\/www.agence-casanova.fr\\\/blog\\\/40-2\\\/#primaryimage\"},\"image\":{\"@id\":\"https:\\\/\\\/www.agence-casanova.fr\\\/blog\\\/40-2\\\/#primaryimage\"},\"thumbnailUrl\":\"https:\\\/\\\/www.agence-casanova.fr\\\/blog\\\/wp-content\\\/uploads\\\/2013\\\/06\\\/IMG_20130505_104058-mail-225x300.jpg\",\"datePublished\":\"2013-06-26T08:37:30+00:00\",\"dateModified\":\"2026-02-06T16:52:35+00:00\",\"inLanguage\":\"fr-FR\",\"potentialAction\":[{\"@type\":\"ReadAction\",\"target\":[\"https:\\\/\\\/www.agence-casanova.fr\\\/blog\\\/40-2\\\/\"]}]},{\"@type\":\"ImageObject\",\"inLanguage\":\"fr-FR\",\"@id\":\"https:\\\/\\\/www.agence-casanova.fr\\\/blog\\\/40-2\\\/#primaryimage\",\"url\":\"https:\\\/\\\/www.agence-casanova.fr\\\/blog\\\/wp-content\\\/uploads\\\/2013\\\/06\\\/IMG_20130505_104058-mail.jpg\",\"contentUrl\":\"https:\\\/\\\/www.agence-casanova.fr\\\/blog\\\/wp-content\\\/uploads\\\/2013\\\/06\\\/IMG_20130505_104058-mail.jpg\",\"width\":675,\"height\":900},{\"@type\":\"WebSite\",\"@id\":\"https:\\\/\\\/www.agence-casanova.fr\\\/blog\\\/#website\",\"url\":\"https:\\\/\\\/www.agence-casanova.fr\\\/blog\\\/\",\"name\":\"Le Mag de l&#039;agence\",\"description\":\"Penser, Cr\u00e9er, Communiquer\",\"publisher\":{\"@id\":\"https:\\\/\\\/www.agence-casanova.fr\\\/blog\\\/#organization\"},\"potentialAction\":[{\"@type\":\"SearchAction\",\"target\":{\"@type\":\"EntryPoint\",\"urlTemplate\":\"https:\\\/\\\/www.agence-casanova.fr\\\/blog\\\/?s={search_term_string}\"},\"query-input\":{\"@type\":\"PropertyValueSpecification\",\"valueRequired\":true,\"valueName\":\"search_term_string\"}}],\"inLanguage\":\"fr-FR\"},{\"@type\":\"Organization\",\"@id\":\"https:\\\/\\\/www.agence-casanova.fr\\\/blog\\\/#organization\",\"name\":\"Agence CASANOVA\",\"url\":\"https:\\\/\\\/www.agence-casanova.fr\\\/blog\\\/\",\"logo\":{\"@type\":\"ImageObject\",\"inLanguage\":\"fr-FR\",\"@id\":\"https:\\\/\\\/www.agence-casanova.fr\\\/blog\\\/#\\\/schema\\\/logo\\\/image\\\/\",\"url\":\"https:\\\/\\\/www.agence-casanova.fr\\\/blog\\\/wp-content\\\/uploads\\\/2015\\\/04\\\/Agence-CASANOVA_logo-noir-fondBlanc1.jpg\",\"contentUrl\":\"https:\\\/\\\/www.agence-casanova.fr\\\/blog\\\/wp-content\\\/uploads\\\/2015\\\/04\\\/Agence-CASANOVA_logo-noir-fondBlanc1.jpg\",\"width\":1528,\"height\":394,\"caption\":\"Agence CASANOVA\"},\"image\":{\"@id\":\"https:\\\/\\\/www.agence-casanova.fr\\\/blog\\\/#\\\/schema\\\/logo\\\/image\\\/\"}}]}<\/script>\n<!-- \/ Yoast SEO plugin. -->","yoast_head_json":{"title":"\u00e0 propos de St\u00e9phane.C. - Le Mag de l&#039;agence","robots":{"index":"index","follow":"follow","max-snippet":"max-snippet:-1","max-image-preview":"max-image-preview:large","max-video-preview":"max-video-preview:-1"},"canonical":"https:\/\/www.agence-casanova.fr\/blog\/40-2\/","og_locale":"fr_FR","og_type":"article","og_title":"\u00e0 propos de St\u00e9phane.C. - Le Mag de l&#039;agence","og_url":"https:\/\/www.agence-casanova.fr\/blog\/40-2\/","og_site_name":"Le Mag de l&#039;agence","article_modified_time":"2026-02-06T16:52:35+00:00","og_image":[{"width":675,"height":900,"url":"https:\/\/www.agence-casanova.fr\/blog\/wp-content\/uploads\/2013\/06\/IMG_20130505_104058-mail.jpg","type":"image\/jpeg"}],"twitter_misc":{"Dur\u00e9e de lecture estim\u00e9e":"2 minutes"},"schema":{"@context":"https:\/\/schema.org","@graph":[{"@type":"WebPage","@id":"https:\/\/www.agence-casanova.fr\/blog\/40-2\/","url":"https:\/\/www.agence-casanova.fr\/blog\/40-2\/","name":"\u00e0 propos de St\u00e9phane.C. - Le Mag de l&#039;agence","isPartOf":{"@id":"https:\/\/www.agence-casanova.fr\/blog\/#website"},"primaryImageOfPage":{"@id":"https:\/\/www.agence-casanova.fr\/blog\/40-2\/#primaryimage"},"image":{"@id":"https:\/\/www.agence-casanova.fr\/blog\/40-2\/#primaryimage"},"thumbnailUrl":"https:\/\/www.agence-casanova.fr\/blog\/wp-content\/uploads\/2013\/06\/IMG_20130505_104058-mail-225x300.jpg","datePublished":"2013-06-26T08:37:30+00:00","dateModified":"2026-02-06T16:52:35+00:00","inLanguage":"fr-FR","potentialAction":[{"@type":"ReadAction","target":["https:\/\/www.agence-casanova.fr\/blog\/40-2\/"]}]},{"@type":"ImageObject","inLanguage":"fr-FR","@id":"https:\/\/www.agence-casanova.fr\/blog\/40-2\/#primaryimage","url":"https:\/\/www.agence-casanova.fr\/blog\/wp-content\/uploads\/2013\/06\/IMG_20130505_104058-mail.jpg","contentUrl":"https:\/\/www.agence-casanova.fr\/blog\/wp-content\/uploads\/2013\/06\/IMG_20130505_104058-mail.jpg","width":675,"height":900},{"@type":"WebSite","@id":"https:\/\/www.agence-casanova.fr\/blog\/#website","url":"https:\/\/www.agence-casanova.fr\/blog\/","name":"Le Mag de l&#039;agence","description":"Penser, Cr\u00e9er, Communiquer","publisher":{"@id":"https:\/\/www.agence-casanova.fr\/blog\/#organization"},"potentialAction":[{"@type":"SearchAction","target":{"@type":"EntryPoint","urlTemplate":"https:\/\/www.agence-casanova.fr\/blog\/?s={search_term_string}"},"query-input":{"@type":"PropertyValueSpecification","valueRequired":true,"valueName":"search_term_string"}}],"inLanguage":"fr-FR"},{"@type":"Organization","@id":"https:\/\/www.agence-casanova.fr\/blog\/#organization","name":"Agence CASANOVA","url":"https:\/\/www.agence-casanova.fr\/blog\/","logo":{"@type":"ImageObject","inLanguage":"fr-FR","@id":"https:\/\/www.agence-casanova.fr\/blog\/#\/schema\/logo\/image\/","url":"https:\/\/www.agence-casanova.fr\/blog\/wp-content\/uploads\/2015\/04\/Agence-CASANOVA_logo-noir-fondBlanc1.jpg","contentUrl":"https:\/\/www.agence-casanova.fr\/blog\/wp-content\/uploads\/2015\/04\/Agence-CASANOVA_logo-noir-fondBlanc1.jpg","width":1528,"height":394,"caption":"Agence CASANOVA"},"image":{"@id":"https:\/\/www.agence-casanova.fr\/blog\/#\/schema\/logo\/image\/"}}]}},"_links":{"self":[{"href":"https:\/\/www.agence-casanova.fr\/blog\/wp-json\/wp\/v2\/pages\/40","targetHints":{"allow":["GET"]}}],"collection":[{"href":"https:\/\/www.agence-casanova.fr\/blog\/wp-json\/wp\/v2\/pages"}],"about":[{"href":"https:\/\/www.agence-casanova.fr\/blog\/wp-json\/wp\/v2\/types\/page"}],"author":[{"embeddable":true,"href":"https:\/\/www.agence-casanova.fr\/blog\/wp-json\/wp\/v2\/users\/1"}],"replies":[{"embeddable":true,"href":"https:\/\/www.agence-casanova.fr\/blog\/wp-json\/wp\/v2\/comments?post=40"}],"version-history":[{"count":16,"href":"https:\/\/www.agence-casanova.fr\/blog\/wp-json\/wp\/v2\/pages\/40\/revisions"}],"predecessor-version":[{"id":1651,"href":"https:\/\/www.agence-casanova.fr\/blog\/wp-json\/wp\/v2\/pages\/40\/revisions\/1651"}],"wp:attachment":[{"href":"https:\/\/www.agence-casanova.fr\/blog\/wp-json\/wp\/v2\/media?parent=40"}],"curies":[{"name":"wp","href":"https:\/\/api.w.org\/{rel}","templated":true}]}}